{"id":5898,"date":"2025-07-28T22:07:38","date_gmt":"2025-07-28T22:07:38","guid":{"rendered":"https:\/\/couriershoping.com\/?page_id=5898"},"modified":"2025-08-03T19:28:56","modified_gmt":"2025-08-03T19:28:56","slug":"envio-en-peru","status":"publish","type":"page","link":"https:\/\/couriershoping.com\/en\/envio-en-peru\/","title":{"rendered":"Env\u00edo en Per\u00fa"},"content":{"rendered":"<div data-elementor-type=\"wp-page\" data-elementor-id=\"5898\" class=\"elementor elementor-5898\">\n\t\t\t\t\t\t<section class=\"elementor-section elementor-top-section elementor-element elementor-element-9c58157 elementor-section-boxed elementor-section-height-default elementor-section-height-default\" data-id=\"9c58157\" data-element_type=\"section\" data-e-type=\"section\">\n\t\t\t\t\t\t<div class=\"elementor-container elementor-column-gap-default\">\n\t\t\t\t\t<div class=\"elementor-column elementor-col-100 elementor-top-column elementor-element elementor-element-c614004\" data-id=\"c614004\" data-element_type=\"column\" data-e-type=\"column\">\n\t\t\t<div class=\"elementor-widget-wrap elementor-element-populated\">\n\t\t\t\t\t\t<div class=\"elementor-element elementor-element-142c54b elementor-widget elementor-widget-heading\" data-id=\"142c54b\" data-element_type=\"widget\" data-e-type=\"widget\" data-widget_type=\"heading.default\">\n\t\t\t\t<div class=\"elementor-widget-container\">\n\t\t\t\t\t<h1 class=\"elementor-heading-title elementor-size-default\">Distritos para Los Env\u00edos<\/h1>\t\t\t\t<\/div>\n\t\t\t\t<\/div>\n\t\t\t\t\t<\/div>\n\t\t<\/div>\n\t\t\t\t\t<\/div>\n\t\t<\/section>\n\t\t\t\t<section class=\"elementor-section elementor-top-section elementor-element elementor-element-213201d elementor-section-boxed elementor-section-height-default elementor-section-height-default\" data-id=\"213201d\" data-element_type=\"section\" data-e-type=\"section\">\n\t\t\t\t\t\t<div class=\"elementor-container elementor-column-gap-default\">\n\t\t\t\t\t<div class=\"elementor-column elementor-col-100 elementor-top-column elementor-element elementor-element-f562a71\" data-id=\"f562a71\" data-element_type=\"column\" data-e-type=\"column\">\n\t\t\t<div class=\"elementor-widget-wrap\">\n\t\t\t\t\t\t\t<\/div>\n\t\t<\/div>\n\t\t\t\t\t<\/div>\n\t\t<\/section>\n\t\t\t\t<\/div>","protected":false},"excerpt":{"rendered":"<p>Distritos para Los Env\u00edos A\u00f1adir al carrito Env\u00edo a Domicilio \u2013 San Juan de Lurigancho (Lima) &#36;&nbsp;10.00 A\u00f1adir al carrito Env\u00edo a Domicilio \u2013 Lurigancho (Lima) &#36;&nbsp;10.00 A\u00f1adir al carrito Env\u00edo a Domicilio \u2013 Los Olivos (Lima) &#36;&nbsp;10.00 A\u00f1adir al carrito Env\u00edo a Domicilio \u2013 La Molina (Lima) &#36;&nbsp;5.00 A\u00f1adir al carrito Env\u00edo a Domicilio [&hellip;]<\/p>","protected":false},"author":1,"featured_media":0,"parent":0,"menu_order":0,"comment_status":"closed","ping_status":"closed","template":"","meta":{"footnotes":""},"class_list":["post-5898","page","type-page","status-publish","hentry"],"_links":{"self":[{"href":"https:\/\/couriershoping.com\/en\/wp-json\/wp\/v2\/pages\/5898","targetHints":{"allow":["GET"]}}],"collection":[{"href":"https:\/\/couriershoping.com\/en\/wp-json\/wp\/v2\/pages"}],"about":[{"href":"https:\/\/couriershoping.com\/en\/wp-json\/wp\/v2\/types\/page"}],"author":[{"embeddable":true,"href":"https:\/\/couriershoping.com\/en\/wp-json\/wp\/v2\/users\/1"}],"replies":[{"embeddable":true,"href":"https:\/\/couriershoping.com\/en\/wp-json\/wp\/v2\/comments?post=5898"}],"version-history":[{"count":13,"href":"https:\/\/couriershoping.com\/en\/wp-json\/wp\/v2\/pages\/5898\/revisions"}],"predecessor-version":[{"id":6021,"href":"https:\/\/couriershoping.com\/en\/wp-json\/wp\/v2\/pages\/5898\/revisions\/6021"}],"wp:attachment":[{"href":"https:\/\/couriershoping.com\/en\/wp-json\/wp\/v2\/media?parent=5898"}],"curies":[{"name":"wp","href":"https:\/\/api.w.org\/{rel}","templated":true}]}}