{"id":5406,"date":"2025-04-13T17:59:03","date_gmt":"2025-04-13T17:59:03","guid":{"rendered":"https:\/\/couriershoping.com\/?page_id=5406"},"modified":"2025-08-07T21:28:36","modified_gmt":"2025-08-07T21:28:36","slug":"nosotros","status":"publish","type":"page","link":"https:\/\/couriershoping.com\/en\/nosotros\/","title":{"rendered":"Nosotros"},"content":{"rendered":"<div data-elementor-type=\"wp-page\" data-elementor-id=\"5406\" class=\"elementor elementor-5406\">\n\t\t\t\t\t\t<section class=\"elementor-section elementor-top-section elementor-element elementor-element-c264721 elementor-section-full_width elementor-section-height-default elementor-section-height-default\" data-id=\"c264721\" data-element_type=\"section\" data-e-type=\"section\">\n\t\t\t\t\t\t<div class=\"elementor-container elementor-column-gap-no\">\n\t\t\t\t\t<div class=\"elementor-column elementor-col-50 elementor-top-column elementor-element elementor-element-355e9f7\" data-id=\"355e9f7\" data-element_type=\"column\" data-e-type=\"column\" data-settings=\"{&quot;background_background&quot;:&quot;classic&quot;}\">\n\t\t\t<div class=\"elementor-widget-wrap elementor-element-populated\">\n\t\t\t\t\t\t<section class=\"elementor-section elementor-inner-section elementor-element elementor-element-5345766 elementor-section-boxed elementor-section-height-default elementor-section-height-default\" data-id=\"5345766\" data-element_type=\"section\" data-e-type=\"section\">\n\t\t\t\t\t\t<div class=\"elementor-container elementor-column-gap-default\">\n\t\t\t\t\t<div class=\"elementor-column elementor-col-100 elementor-inner-column elementor-element elementor-element-580179f\" data-id=\"580179f\" data-element_type=\"column\" data-e-type=\"column\" data-settings=\"{&quot;background_background&quot;:&quot;classic&quot;}\">\n\t\t\t<div class=\"elementor-widget-wrap elementor-element-populated\">\n\t\t\t\t\t\t<div class=\"elementor-element elementor-element-5ff66ee elementor-widget__width-initial elementor-widget elementor-widget-heading\" data-id=\"5ff66ee\" data-element_type=\"widget\" data-e-type=\"widget\" data-widget_type=\"heading.default\">\n\t\t\t\t<div class=\"elementor-widget-container\">\n\t\t\t\t\t<h2 class=\"elementor-heading-title elementor-size-default\">Courrier <br>Shoping<\/h2>\t\t\t\t<\/div>\n\t\t\t\t<\/div>\n\t\t\t\t\t<\/div>\n\t\t<\/div>\n\t\t\t\t\t<\/div>\n\t\t<\/section>\n\t\t\t\t<section class=\"elementor-section elementor-inner-section elementor-element elementor-element-7ae114a elementor-section-boxed elementor-section-height-default elementor-section-height-default\" data-id=\"7ae114a\" data-element_type=\"section\" data-e-type=\"section\">\n\t\t\t\t\t\t<div class=\"elementor-container elementor-column-gap-default\">\n\t\t\t\t\t<div class=\"elementor-column elementor-col-100 elementor-inner-column elementor-element elementor-element-85320e1\" data-id=\"85320e1\" data-element_type=\"column\" data-e-type=\"column\">\n\t\t\t<div class=\"elementor-widget-wrap elementor-element-populated\">\n\t\t\t\t\t\t<div class=\"elementor-element elementor-element-b13c5e4 elementor-widget__width-initial elementor-widget elementor-widget-heading\" data-id=\"b13c5e4\" data-element_type=\"widget\" data-e-type=\"widget\" data-widget_type=\"heading.default\">\n\t\t\t\t<div class=\"elementor-widget-container\">\n\t\t\t\t\t<h2 class=\"elementor-heading-title elementor-size-default\">Conectamos tus compras en Estados Unidos con tu hogar en Per\u00fa<\/h2>\t\t\t\t<\/div>\n\t\t\t\t<\/div>\n\t\t\t\t\t<\/div>\n\t\t<\/div>\n\t\t\t\t\t<\/div>\n\t\t<\/section>\n\t\t\t\t\t<\/div>\n\t\t<\/div>\n\t\t\t\t<div class=\"elementor-column elementor-col-50 elementor-top-column elementor-element elementor-element-bdc6115\" data-id=\"bdc6115\" data-element_type=\"column\" data-e-type=\"column\">\n\t\t\t<div class=\"elementor-widget-wrap elementor-element-populated\">\n\t\t\t\t\t\t<div class=\"elementor-element elementor-element-dddcb7d elementor-widget__width-initial elementor-widget elementor-widget-image\" data-id=\"dddcb7d\" data-element_type=\"widget\" data-e-type=\"widget\" data-widget_type=\"image.default\">\n\t\t\t\t<div class=\"elementor-widget-container\">\n\t\t\t\t\t\t\t\t\t\t\t\t\t\t\t<img fetchpriority=\"high\" decoding=\"async\" width=\"800\" height=\"728\" src=\"https:\/\/couriershoping.com\/wp-content\/uploads\/2025\/06\/Shopping-Courier-1-1024x932.jpg\" class=\"attachment-large size-large wp-image-5793\" alt=\"\" srcset=\"https:\/\/couriershoping.com\/wp-content\/uploads\/2025\/06\/Shopping-Courier-1-1024x932.jpg.webp 1024w, https:\/\/couriershoping.com\/wp-content\/uploads\/2025\/06\/Shopping-Courier-1-300x273.jpg.webp 300w, https:\/\/couriershoping.com\/wp-content\/uploads\/2025\/06\/Shopping-Courier-1-768x699.jpg.webp 768w, https:\/\/couriershoping.com\/wp-content\/uploads\/2025\/06\/Shopping-Courier-1-1536x1397.jpg.webp 1536w, https:\/\/couriershoping.com\/wp-content\/uploads\/2025\/06\/Shopping-Courier-1-13x12.jpg.webp 13w, https:\/\/couriershoping.com\/wp-content\/uploads\/2025\/06\/Shopping-Courier-1-600x546.jpg.webp 600w, https:\/\/couriershoping.com\/wp-content\/uploads\/2025\/06\/Shopping-Courier-1.jpg.webp 1628w\" sizes=\"(max-width: 800px) 100vw, 800px\" \/>\t\t\t\t\t\t\t\t\t\t\t\t\t\t\t<\/div>\n\t\t\t\t<\/div>\n\t\t\t\t\t<\/div>\n\t\t<\/div>\n\t\t\t\t\t<\/div>\n\t\t<\/section>\n\t\t\t\t<section class=\"elementor-section elementor-top-section elementor-element elementor-element-28f2b0a elementor-section-full_width elementor-section-content-middle elementor-section-height-default elementor-section-height-default\" data-id=\"28f2b0a\" data-element_type=\"section\" data-e-type=\"section\">\n\t\t\t\t\t\t<div class=\"elementor-container elementor-column-gap-no\">\n\t\t\t\t\t<div class=\"elementor-column elementor-col-33 elementor-top-column elementor-element elementor-element-52bb5d6\" data-id=\"52bb5d6\" data-element_type=\"column\" data-e-type=\"column\" data-settings=\"{&quot;background_background&quot;:&quot;classic&quot;}\">\n\t\t\t<div class=\"elementor-widget-wrap elementor-element-populated\">\n\t\t\t\t\t\t<div class=\"elementor-element elementor-element-4142c8b elementor-widget__width-initial elementor-widget elementor-widget-heading\" data-id=\"4142c8b\" data-element_type=\"widget\" data-e-type=\"widget\" data-widget_type=\"heading.default\">\n\t\t\t\t<div class=\"elementor-widget-container\">\n\t\t\t\t\t<h2 class=\"elementor-heading-title elementor-size-default\">Conoce m\u00e1s de nosotros<\/h2>\t\t\t\t<\/div>\n\t\t\t\t<\/div>\n\t\t\t\t\t<\/div>\n\t\t<\/div>\n\t\t\t\t<div class=\"elementor-column elementor-col-33 elementor-top-column elementor-element elementor-element-645e36d\" data-id=\"645e36d\" data-element_type=\"column\" data-e-type=\"column\" data-settings=\"{&quot;background_background&quot;:&quot;classic&quot;}\">\n\t\t\t<div class=\"elementor-widget-wrap elementor-element-populated\">\n\t\t\t\t\t\t<div class=\"elementor-element elementor-element-bd79072 elementor-widget__width-initial elementor-widget elementor-widget-image\" data-id=\"bd79072\" data-element_type=\"widget\" data-e-type=\"widget\" data-widget_type=\"image.default\">\n\t\t\t\t<div class=\"elementor-widget-container\">\n\t\t\t\t\t\t\t\t\t\t\t\t\t\t\t<img decoding=\"async\" width=\"413\" height=\"416\" src=\"https:\/\/couriershoping.com\/wp-content\/uploads\/2025\/04\/En-CourrierShopping-nos-encargamos-de-realizar-la-compra-por-ti-y-entregarla-directamente-en-la-puerta-de-tu-casa-en-Peru.-Para-ello-ofrecemos-dos-opciones-Compra-asistida-Nos-envias-el-enlace-de-1.png\" class=\"attachment-full size-full wp-image-5409\" alt=\"\" srcset=\"https:\/\/couriershoping.com\/wp-content\/uploads\/2025\/04\/En-CourrierShopping-nos-encargamos-de-realizar-la-compra-por-ti-y-entregarla-directamente-en-la-puerta-de-tu-casa-en-Peru.-Para-ello-ofrecemos-dos-opciones-Compra-asistida-Nos-envias-el-enlace-de-1.png.webp 413w, https:\/\/couriershoping.com\/wp-content\/uploads\/2025\/04\/En-CourrierShopping-nos-encargamos-de-realizar-la-compra-por-ti-y-entregarla-directamente-en-la-puerta-de-tu-casa-en-Peru.-Para-ello-ofrecemos-dos-opciones-Compra-asistida-Nos-envias-el-enlace-de-1-298x300.png.webp 298w, https:\/\/couriershoping.com\/wp-content\/uploads\/2025\/04\/En-CourrierShopping-nos-encargamos-de-realizar-la-compra-por-ti-y-entregarla-directamente-en-la-puerta-de-tu-casa-en-Peru.-Para-ello-ofrecemos-dos-opciones-Compra-asistida-Nos-envias-el-enlace-de-1-150x150.png.webp 150w, https:\/\/couriershoping.com\/wp-content\/uploads\/2025\/04\/En-CourrierShopping-nos-encargamos-de-realizar-la-compra-por-ti-y-entregarla-directamente-en-la-puerta-de-tu-casa-en-Peru.-Para-ello-ofrecemos-dos-opciones-Compra-asistida-Nos-envias-el-enlace-de-1-12x12.png.webp 12w, https:\/\/couriershoping.com\/wp-content\/uploads\/2025\/04\/En-CourrierShopping-nos-encargamos-de-realizar-la-compra-por-ti-y-entregarla-directamente-en-la-puerta-de-tu-casa-en-Peru.-Para-ello-ofrecemos-dos-opciones-Compra-asistida-Nos-envias-el-enlace-de-1-100x100.png.webp 100w\" sizes=\"(max-width: 413px) 100vw, 413px\" \/>\t\t\t\t\t\t\t\t\t\t\t\t\t\t\t<\/div>\n\t\t\t\t<\/div>\n\t\t\t\t<div class=\"elementor-element elementor-element-d9c8d1c elementor-widget__width-initial elementor-widget elementor-widget-heading\" data-id=\"d9c8d1c\" data-element_type=\"widget\" data-e-type=\"widget\" data-widget_type=\"heading.default\">\n\t\t\t\t<div class=\"elementor-widget-container\">\n\t\t\t\t\t<h3 class=\"elementor-heading-title elementor-size-default\">Mision<\/h3>\t\t\t\t<\/div>\n\t\t\t\t<\/div>\n\t\t\t\t<div class=\"elementor-element elementor-element-d9803a3 elementor-widget-divider--view-line elementor-widget elementor-widget-divider\" data-id=\"d9803a3\" data-element_type=\"widget\" data-e-type=\"widget\" data-widget_type=\"divider.default\">\n\t\t\t\t<div class=\"elementor-widget-container\">\n\t\t\t\t\t\t\t<div class=\"elementor-divider\">\n\t\t\t<span class=\"elementor-divider-separator\">\n\t\t\t\t\t\t<\/span>\n\t\t<\/div>\n\t\t\t\t\t\t<\/div>\n\t\t\t\t<\/div>\n\t\t\t\t<div class=\"elementor-element elementor-element-cf6a79d elementor-widget__width-initial elementor-widget elementor-widget-heading\" data-id=\"cf6a79d\" data-element_type=\"widget\" data-e-type=\"widget\" data-widget_type=\"heading.default\">\n\t\t\t\t<div class=\"elementor-widget-container\">\n\t\t\t\t\t<h3 class=\"elementor-heading-title elementor-size-default\">Brindar un servicio confiable y eficiente de transporte internacional de compras, conectando a nuestros clientes en Per\u00fa con los mejores productos de Estados Unidos, asegurando rapidez, seguridad y atenci\u00f3n personalizada.<\/h3>\t\t\t\t<\/div>\n\t\t\t\t<\/div>\n\t\t\t\t\t<\/div>\n\t\t<\/div>\n\t\t\t\t<div class=\"elementor-column elementor-col-33 elementor-top-column elementor-element elementor-element-763ba22\" data-id=\"763ba22\" data-element_type=\"column\" data-e-type=\"column\" data-settings=\"{&quot;background_background&quot;:&quot;classic&quot;}\">\n\t\t\t<div class=\"elementor-widget-wrap elementor-element-populated\">\n\t\t\t\t\t\t<div class=\"elementor-element elementor-element-f10633e elementor-widget__width-initial elementor-widget elementor-widget-image\" data-id=\"f10633e\" data-element_type=\"widget\" data-e-type=\"widget\" data-widget_type=\"image.default\">\n\t\t\t\t<div class=\"elementor-widget-container\">\n\t\t\t\t\t\t\t\t\t\t\t\t\t\t\t<img decoding=\"async\" width=\"415\" height=\"416\" src=\"https:\/\/couriershoping.com\/wp-content\/uploads\/2025\/04\/En-CourrierShopping-nos-encargamos-de-realizar-la-compra-por-ti-y-entregarla-directamente-en-la-puerta-de-tu-casa-en-Peru.-Para-ello-ofrecemos-dos-opciones-Compra-asistida-Nos-envias-el-enlace-de.jpg\" class=\"attachment-full size-full wp-image-5410\" alt=\"\" srcset=\"https:\/\/couriershoping.com\/wp-content\/uploads\/2025\/04\/En-CourrierShopping-nos-encargamos-de-realizar-la-compra-por-ti-y-entregarla-directamente-en-la-puerta-de-tu-casa-en-Peru.-Para-ello-ofrecemos-dos-opciones-Compra-asistida-Nos-envias-el-enlace-de.jpg.webp 415w, https:\/\/couriershoping.com\/wp-content\/uploads\/2025\/04\/En-CourrierShopping-nos-encargamos-de-realizar-la-compra-por-ti-y-entregarla-directamente-en-la-puerta-de-tu-casa-en-Peru.-Para-ello-ofrecemos-dos-opciones-Compra-asistida-Nos-envias-el-enlace-de-300x300.jpg.webp 300w, https:\/\/couriershoping.com\/wp-content\/uploads\/2025\/04\/En-CourrierShopping-nos-encargamos-de-realizar-la-compra-por-ti-y-entregarla-directamente-en-la-puerta-de-tu-casa-en-Peru.-Para-ello-ofrecemos-dos-opciones-Compra-asistida-Nos-envias-el-enlace-de-150x150.jpg.webp 150w, https:\/\/couriershoping.com\/wp-content\/uploads\/2025\/04\/En-CourrierShopping-nos-encargamos-de-realizar-la-compra-por-ti-y-entregarla-directamente-en-la-puerta-de-tu-casa-en-Peru.-Para-ello-ofrecemos-dos-opciones-Compra-asistida-Nos-envias-el-enlace-de-12x12.jpg.webp 12w, https:\/\/couriershoping.com\/wp-content\/uploads\/2025\/04\/En-CourrierShopping-nos-encargamos-de-realizar-la-compra-por-ti-y-entregarla-directamente-en-la-puerta-de-tu-casa-en-Peru.-Para-ello-ofrecemos-dos-opciones-Compra-asistida-Nos-envias-el-enlace-de-380x380.jpg.webp 380w, https:\/\/couriershoping.com\/wp-content\/uploads\/2025\/04\/En-CourrierShopping-nos-encargamos-de-realizar-la-compra-por-ti-y-entregarla-directamente-en-la-puerta-de-tu-casa-en-Peru.-Para-ello-ofrecemos-dos-opciones-Compra-asistida-Nos-envias-el-enlace-de-100x100.jpg.webp 100w\" sizes=\"(max-width: 415px) 100vw, 415px\" \/>\t\t\t\t\t\t\t\t\t\t\t\t\t\t\t<\/div>\n\t\t\t\t<\/div>\n\t\t\t\t<div class=\"elementor-element elementor-element-8ddc181 elementor-widget__width-initial elementor-widget elementor-widget-heading\" data-id=\"8ddc181\" data-element_type=\"widget\" data-e-type=\"widget\" data-widget_type=\"heading.default\">\n\t\t\t\t<div class=\"elementor-widget-container\">\n\t\t\t\t\t<h3 class=\"elementor-heading-title elementor-size-default\">Vision<\/h3>\t\t\t\t<\/div>\n\t\t\t\t<\/div>\n\t\t\t\t<div class=\"elementor-element elementor-element-2478aab elementor-widget-divider--view-line elementor-widget elementor-widget-divider\" data-id=\"2478aab\" data-element_type=\"widget\" data-e-type=\"widget\" data-widget_type=\"divider.default\">\n\t\t\t\t<div class=\"elementor-widget-container\">\n\t\t\t\t\t\t\t<div class=\"elementor-divider\">\n\t\t\t<span class=\"elementor-divider-separator\">\n\t\t\t\t\t\t<\/span>\n\t\t<\/div>\n\t\t\t\t\t\t<\/div>\n\t\t\t\t<\/div>\n\t\t\t\t<div class=\"elementor-element elementor-element-689797c elementor-widget__width-initial elementor-widget elementor-widget-heading\" data-id=\"689797c\" data-element_type=\"widget\" data-e-type=\"widget\" data-widget_type=\"heading.default\">\n\t\t\t\t<div class=\"elementor-widget-container\">\n\t\t\t\t\t<h3 class=\"elementor-heading-title elementor-size-default\">Ser la empresa l\u00edder en env\u00edos internacionales entre Estados Unidos y Per\u00fa, reconocida por nuestra excelencia en el servicio, innovaci\u00f3n tecnol\u00f3gica y compromiso con la satisfacci\u00f3n del cliente.\n<\/h3>\t\t\t\t<\/div>\n\t\t\t\t<\/div>\n\t\t\t\t\t<\/div>\n\t\t<\/div>\n\t\t\t\t\t<\/div>\n\t\t<\/section>\n\t\t\t\t<\/div>","protected":false},"excerpt":{"rendered":"<p>Courrier Shoping Conectamos tus compras en Estados Unidos con tu hogar en Per\u00fa Conoce m\u00e1s de nosotros Mision Brindar un servicio confiable y eficiente de transporte internacional de compras, conectando a nuestros clientes en Per\u00fa con los mejores productos de Estados Unidos, asegurando rapidez, seguridad y atenci\u00f3n personalizada. Vision Ser la empresa l\u00edder en env\u00edos [&hellip;]<\/p>","protected":false},"author":1,"featured_media":0,"parent":0,"menu_order":0,"comment_status":"closed","ping_status":"closed","template":"","meta":{"footnotes":""},"class_list":["post-5406","page","type-page","status-publish","hentry"],"_links":{"self":[{"href":"https:\/\/couriershoping.com\/en\/wp-json\/wp\/v2\/pages\/5406","targetHints":{"allow":["GET"]}}],"collection":[{"href":"https:\/\/couriershoping.com\/en\/wp-json\/wp\/v2\/pages"}],"about":[{"href":"https:\/\/couriershoping.com\/en\/wp-json\/wp\/v2\/types\/page"}],"author":[{"embeddable":true,"href":"https:\/\/couriershoping.com\/en\/wp-json\/wp\/v2\/users\/1"}],"replies":[{"embeddable":true,"href":"https:\/\/couriershoping.com\/en\/wp-json\/wp\/v2\/comments?post=5406"}],"version-history":[{"count":25,"href":"https:\/\/couriershoping.com\/en\/wp-json\/wp\/v2\/pages\/5406\/revisions"}],"predecessor-version":[{"id":6078,"href":"https:\/\/couriershoping.com\/en\/wp-json\/wp\/v2\/pages\/5406\/revisions\/6078"}],"wp:attachment":[{"href":"https:\/\/couriershoping.com\/en\/wp-json\/wp\/v2\/media?parent=5406"}],"curies":[{"name":"wp","href":"https:\/\/api.w.org\/{rel}","templated":true}]}}