{"id":3,"date":"2025-06-30T04:40:13","date_gmt":"2025-06-30T04:40:13","guid":{"rendered":"https:\/\/couriershoping.com\/?page_id=3"},"modified":"2025-06-30T17:36:08","modified_gmt":"2025-06-30T17:36:08","slug":"politica-de-privacidad","status":"publish","type":"page","link":"https:\/\/couriershoping.com\/en\/politica-de-privacidad\/","title":{"rendered":"Privacy policy"},"content":{"rendered":"<div data-elementor-type=\"wp-page\" data-elementor-id=\"3\" class=\"elementor elementor-3\">\n\t\t\t\t\t\t<section class=\"elementor-section elementor-top-section elementor-element elementor-element-7a16d25 elementor-section-boxed elementor-section-height-default elementor-section-height-default\" data-id=\"7a16d25\" data-element_type=\"section\" data-e-type=\"section\">\n\t\t\t\t\t\t<div class=\"elementor-container elementor-column-gap-default\">\n\t\t\t\t\t<div class=\"elementor-column elementor-col-100 elementor-top-column elementor-element elementor-element-b9bf8f3\" data-id=\"b9bf8f3\" data-element_type=\"column\" data-e-type=\"column\">\n\t\t\t<div class=\"elementor-widget-wrap elementor-element-populated\">\n\t\t\t\t\t\t<div class=\"elementor-element elementor-element-d2e6105 elementor-widget elementor-widget-text-editor\" data-id=\"d2e6105\" data-element_type=\"widget\" data-e-type=\"widget\" data-widget_type=\"text-editor.default\">\n\t\t\t\t<div class=\"elementor-widget-container\">\n\t\t\t\t\t\t\t\t\t<h1 data-start=\"209\" data-end=\"256\">Pol\u00edtica de Privacidad de Courier Shoping<\/h1><p data-start=\"258\" data-end=\"428\">La presente Pol\u00edtica de Privacidad establece los t\u00e9rminos en que <strong data-start=\"323\" data-end=\"342\">Courier Shoping<\/strong> usa y protege la informaci\u00f3n proporcionada por sus usuarios al utilizar su sitio web.<\/p><p data-start=\"430\" data-end=\"750\">En Courier Shoping, estamos comprometidos con la seguridad de los datos personales de nuestros usuarios. Toda la informaci\u00f3n solicitada que permita identificarte ser\u00e1 utilizada \u00fanicamente conforme a los t\u00e9rminos de este documento. Esta pol\u00edtica puede ser actualizada, por lo que te recomendamos revisarla peri\u00f3dicamente.<\/p><hr data-start=\"752\" data-end=\"755\" \/><h2 data-start=\"757\" data-end=\"790\">\ud83d\udd0d Informaci\u00f3n que recopilamos<\/h2><p data-start=\"792\" data-end=\"858\">Nuestro sitio web puede recopilar los siguientes datos personales:<\/p><ul data-start=\"860\" data-end=\"993\"><li data-start=\"860\" data-end=\"879\"><p data-start=\"862\" data-end=\"879\">Nombre completo<\/p><\/li><li data-start=\"880\" data-end=\"923\"><p data-start=\"882\" data-end=\"923\">Correo electr\u00f3nico y n\u00famero de contacto<\/p><\/li><li data-start=\"924\" data-end=\"946\"><p data-start=\"926\" data-end=\"946\">Direcci\u00f3n de env\u00edo<\/p><\/li><li data-start=\"947\" data-end=\"993\"><p data-start=\"949\" data-end=\"993\">Informaci\u00f3n demogr\u00e1fica (edad, ciudad, etc.)<\/p><\/li><\/ul><p data-start=\"995\" data-end=\"1127\">En algunos casos, se podr\u00e1 solicitar informaci\u00f3n adicional para procesar pedidos, verificar identidad o emitir comprobantes de pago.<\/p><hr data-start=\"1129\" data-end=\"1132\" \/><h2 data-start=\"1134\" data-end=\"1172\">\ud83d\udce6 Uso de la informaci\u00f3n recopilada<\/h2><p data-start=\"1174\" data-end=\"1205\">La informaci\u00f3n se utiliza para:<\/p><ul data-start=\"1207\" data-end=\"1448\"><li data-start=\"1207\" data-end=\"1256\"><p data-start=\"1209\" data-end=\"1256\">Procesar pedidos y brindar un mejor servicio.<\/p><\/li><li data-start=\"1257\" data-end=\"1300\"><p data-start=\"1259\" data-end=\"1300\">Personalizar la experiencia de usuario.<\/p><\/li><li data-start=\"1301\" data-end=\"1381\"><p data-start=\"1303\" data-end=\"1381\">Informarte sobre nuevos productos, promociones o actualizaciones relevantes.<\/p><\/li><li data-start=\"1382\" data-end=\"1448\"><p data-start=\"1384\" data-end=\"1448\">Mantener registros internos para an\u00e1lisis y mejora del servicio.<\/p><\/li><\/ul><hr data-start=\"1450\" data-end=\"1453\" \/><h2 data-start=\"1455\" data-end=\"1479\">\ud83d\udd17 Enlaces a terceros<\/h2><p data-start=\"1481\" data-end=\"1739\">Nuestro sitio puede contener enlaces a otras p\u00e1ginas. Una vez que salgas de nuestra web, Courier Shoping no tiene control sobre el sitio al que accedas ni sobre la protecci\u00f3n de tu informaci\u00f3n en dicho lugar. Te recomendamos leer sus pol\u00edticas de privacidad.<\/p><hr data-start=\"1741\" data-end=\"1744\" \/><h2 data-start=\"1746\" data-end=\"1786\">\ud83d\udd12 Control de tu informaci\u00f3n personal<\/h2><p data-start=\"1788\" data-end=\"1861\">Puedes restringir el uso de tu informaci\u00f3n personal en cualquier momento:<\/p><ul data-start=\"1863\" data-end=\"2051\"><li data-start=\"1863\" data-end=\"1927\"><p data-start=\"1865\" data-end=\"1927\">Eligiendo si deseas recibir correos al llenar un formulario.<\/p><\/li><li data-start=\"1928\" data-end=\"1984\"><p data-start=\"1930\" data-end=\"1984\">Cancelando tu suscripci\u00f3n a boletines publicitarios.<\/p><\/li><li data-start=\"1985\" data-end=\"2051\"><p data-start=\"1987\" data-end=\"2051\">Contact\u00e1ndonos directamente para modificar o eliminar tus datos.<\/p><\/li><\/ul><p data-start=\"2053\" data-end=\"2198\"><strong data-start=\"2053\" data-end=\"2152\">Courier Shoping no vender\u00e1, ceder\u00e1 ni distribuir\u00e1 tu informaci\u00f3n personal sin tu consentimiento<\/strong>, salvo que sea requerido por una orden legal.<\/p><hr data-start=\"2200\" data-end=\"2203\" \/><h2 data-start=\"2205\" data-end=\"2225\">\ud83d\udd04 Modificaciones<\/h2><p data-start=\"2227\" data-end=\"2412\">Courier Shoping se reserva el derecho de modificar esta pol\u00edtica de privacidad y los precios de sus servicios en cualquier momento. Cualquier cambio ser\u00e1 publicado en esta misma p\u00e1gina.<\/p><hr data-start=\"2414\" data-end=\"2417\" \/><h2 data-start=\"2419\" data-end=\"2433\">\ud83d\udcde Contacto<\/h2><p data-start=\"2435\" data-end=\"2518\">Para cualquier consulta sobre esta Pol\u00edtica de Privacidad, cont\u00e1ctanos a trav\u00e9s de:<\/p><ul data-start=\"2188\" data-end=\"2320\"><li data-start=\"2188\" data-end=\"2243\"><p data-start=\"2190\" data-end=\"2243\"><strong data-start=\"2190\" data-end=\"2212\">Correo electr\u00f3nico<\/strong>: contacto@couriershoping.com<\/p><\/li><li data-start=\"2244\" data-end=\"2279\"><p data-start=\"2246\" data-end=\"2279\"><strong data-start=\"2246\" data-end=\"2258\">Tel\u00e9fono<\/strong>: +51 963 358 122<\/p><\/li><li data-start=\"2280\" data-end=\"2320\"><p data-start=\"2282\" data-end=\"2320\"><strong data-start=\"2282\" data-end=\"2295\">Direcci\u00f3n<\/strong>: Miami, Florida, EE. UU.<\/p><\/li><\/ul>\t\t\t\t\t\t\t\t<\/div>\n\t\t\t\t<\/div>\n\t\t\t\t\t<\/div>\n\t\t<\/div>\n\t\t\t\t\t<\/div>\n\t\t<\/section>\n\t\t\t\t<\/div>","protected":false},"excerpt":{"rendered":"<p>Pol\u00edtica de Privacidad de Courier Shoping La presente Pol\u00edtica de Privacidad establece los t\u00e9rminos en que Courier Shoping usa y protege la informaci\u00f3n proporcionada por sus usuarios al utilizar su sitio web. En Courier Shoping, estamos comprometidos con la seguridad de los datos personales de nuestros usuarios. Toda la informaci\u00f3n solicitada que permita identificarte ser\u00e1 [&hellip;]<\/p>","protected":false},"author":1,"featured_media":0,"parent":0,"menu_order":0,"comment_status":"closed","ping_status":"closed","template":"","meta":{"footnotes":""},"class_list":["post-3","page","type-page","status-publish","hentry"],"_links":{"self":[{"href":"https:\/\/couriershoping.com\/en\/wp-json\/wp\/v2\/pages\/3","targetHints":{"allow":["GET"]}}],"collection":[{"href":"https:\/\/couriershoping.com\/en\/wp-json\/wp\/v2\/pages"}],"about":[{"href":"https:\/\/couriershoping.com\/en\/wp-json\/wp\/v2\/types\/page"}],"author":[{"embeddable":true,"href":"https:\/\/couriershoping.com\/en\/wp-json\/wp\/v2\/users\/1"}],"replies":[{"embeddable":true,"href":"https:\/\/couriershoping.com\/en\/wp-json\/wp\/v2\/comments?post=3"}],"version-history":[{"count":8,"href":"https:\/\/couriershoping.com\/en\/wp-json\/wp\/v2\/pages\/3\/revisions"}],"predecessor-version":[{"id":5775,"href":"https:\/\/couriershoping.com\/en\/wp-json\/wp\/v2\/pages\/3\/revisions\/5775"}],"wp:attachment":[{"href":"https:\/\/couriershoping.com\/en\/wp-json\/wp\/v2\/media?parent=3"}],"curies":[{"name":"wp","href":"https:\/\/api.w.org\/{rel}","templated":true}]}}