{"id":2110,"date":"2022-11-29T16:09:09","date_gmt":"2022-11-29T16:09:09","guid":{"rendered":"https:\/\/couriershoping.com\/?page_id=2110"},"modified":"2025-06-19T20:28:20","modified_gmt":"2025-06-19T20:28:20","slug":"como-comprar","status":"publish","type":"page","link":"https:\/\/couriershoping.com\/en\/como-comprar\/","title":{"rendered":"C\u00f3mo comprar"},"content":{"rendered":"<div data-elementor-type=\"wp-page\" data-elementor-id=\"2110\" class=\"elementor elementor-2110\">\n\t\t\t\t\t\t<section class=\"elementor-section elementor-top-section elementor-element elementor-element-5257187 elementor-section-boxed elementor-section-height-default elementor-section-height-default\" data-id=\"5257187\" data-element_type=\"section\" data-e-type=\"section\">\n\t\t\t\t\t\t<div class=\"elementor-container elementor-column-gap-default\">\n\t\t\t\t\t<div class=\"elementor-column elementor-col-100 elementor-top-column elementor-element elementor-element-1783d9b\" data-id=\"1783d9b\" data-element_type=\"column\" data-e-type=\"column\">\n\t\t\t<div class=\"elementor-widget-wrap elementor-element-populated\">\n\t\t\t\t\t\t<div class=\"elementor-element elementor-element-2c21249 elementor-widget elementor-widget-heading\" data-id=\"2c21249\" data-element_type=\"widget\" data-e-type=\"widget\" data-widget_type=\"heading.default\">\n\t\t\t\t<div class=\"elementor-widget-container\">\n\t\t\t\t\t<h2 class=\"elementor-heading-title elementor-size-default\">\u00bfC\u00f3mo comprar?<\/h2>\t\t\t\t<\/div>\n\t\t\t\t<\/div>\n\t\t\t\t<div class=\"elementor-element elementor-element-01536a9 elementor-widget elementor-widget-text-editor\" data-id=\"01536a9\" data-element_type=\"widget\" data-e-type=\"widget\" data-widget_type=\"text-editor.default\">\n\t\t\t\t<div class=\"elementor-widget-container\">\n\t\t\t\t\t\t\t\t\t<p data-start=\"226\" data-end=\"446\"><strong data-start=\"226\" data-end=\"288\">Ingresa a <a class=\"\" href=\"https:\/\/couriershoping.com\/en\/\" target=\"_new\" rel=\"noopener\" data-start=\"238\" data-end=\"286\">couriershoping.com<\/a><\/strong> y busca los productos que necesitas. Puedes hacerlo a trav\u00e9s del men\u00fa principal o usando el buscador. Una vez que los encuentres, sigue los siguientes pasos:<\/p><ol data-start=\"448\" data-end=\"895\"><li data-start=\"448\" data-end=\"509\"><p data-start=\"451\" data-end=\"509\">Agrega al <strong data-start=\"461\" data-end=\"483\">carrito de compras<\/strong> los art\u00edculos que deseas.<\/p><\/li><li data-start=\"510\" data-end=\"650\"><p data-start=\"513\" data-end=\"574\">Para continuar con el proceso de compra, tienes 3 opciones:<\/p><ul data-start=\"578\" data-end=\"650\"><li data-start=\"578\" data-end=\"593\"><p data-start=\"580\" data-end=\"593\">Registrarte<\/p><\/li><li data-start=\"597\" data-end=\"621\"><p data-start=\"599\" data-end=\"621\">Ingresar a tu cuenta<\/p><\/li><li data-start=\"625\" data-end=\"650\"><p data-start=\"627\" data-end=\"650\">Comprar sin registrarte<\/p><\/li><\/ul><\/li><li data-start=\"651\" data-end=\"759\"><p data-start=\"654\" data-end=\"684\">Selecciona la forma de pago:<\/p><ul data-start=\"688\" data-end=\"759\"><li data-start=\"688\" data-end=\"719\"><p data-start=\"690\" data-end=\"719\">Tarjeta de cr\u00e9dito o d\u00e9bito<\/p><\/li><li data-start=\"723\" data-end=\"731\"><p data-start=\"725\" data-end=\"731\">Yape<\/p><\/li><li data-start=\"735\" data-end=\"759\"><p data-start=\"737\" data-end=\"759\">Transferencia bancaria<\/p><\/li><\/ul><\/li><li data-start=\"760\" data-end=\"895\"><p data-start=\"763\" data-end=\"895\">Finalmente, recibir\u00e1s en tu correo registrado un <strong data-start=\"812\" data-end=\"841\">resumen de la transacci\u00f3n<\/strong> que podr\u00e1s guardar o imprimir para futuras consultas.<\/p><\/li><\/ol>\t\t\t\t\t\t\t\t<\/div>\n\t\t\t\t<\/div>\n\t\t\t\t<div class=\"elementor-element elementor-element-9acaa09 elementor-widget elementor-widget-spacer\" data-id=\"9acaa09\" data-element_type=\"widget\" data-e-type=\"widget\" data-widget_type=\"spacer.default\">\n\t\t\t\t<div class=\"elementor-widget-container\">\n\t\t\t\t\t\t\t<div class=\"elementor-spacer\">\n\t\t\t<div class=\"elementor-spacer-inner\"><\/div>\n\t\t<\/div>\n\t\t\t\t\t\t<\/div>\n\t\t\t\t<\/div>\n\t\t\t\t<div class=\"elementor-element elementor-element-1dfd5a6 elementor-widget elementor-widget-heading\" data-id=\"1dfd5a6\" data-element_type=\"widget\" data-e-type=\"widget\" data-widget_type=\"heading.default\">\n\t\t\t\t<div class=\"elementor-widget-container\">\n\t\t\t\t\t<h3 class=\"elementor-heading-title elementor-size-default\">\u00bfC\u00f3mo comprar en couriershoping.com?<\/h3>\t\t\t\t<\/div>\n\t\t\t\t<\/div>\n\t\t\t\t<div class=\"elementor-element elementor-element-37e892f elementor-widget elementor-widget-text-editor\" data-id=\"37e892f\" data-element_type=\"widget\" data-e-type=\"widget\" data-widget_type=\"text-editor.default\">\n\t\t\t\t<div class=\"elementor-widget-container\">\n\t\t\t\t\t\t\t\t\t<p>Agrega tus productos al carro y presiona \u00abVer el carrito\u00bb.<\/p>\t\t\t\t\t\t\t\t<\/div>\n\t\t\t\t<\/div>\n\t\t\t\t<section class=\"elementor-section elementor-inner-section elementor-element elementor-element-11aa595 elementor-section-boxed elementor-section-height-default elementor-section-height-default\" data-id=\"11aa595\" data-element_type=\"section\" data-e-type=\"section\">\n\t\t\t\t\t\t<div class=\"elementor-container elementor-column-gap-default\">\n\t\t\t\t\t<div class=\"elementor-column elementor-col-33 elementor-inner-column elementor-element elementor-element-8d4f59c\" data-id=\"8d4f59c\" data-element_type=\"column\" data-e-type=\"column\">\n\t\t\t<div class=\"elementor-widget-wrap elementor-element-populated\">\n\t\t\t\t\t\t<div class=\"elementor-element elementor-element-e9c7f90 elementor-view-default elementor-position-block-start elementor-mobile-position-block-start elementor-widget elementor-widget-icon-box\" data-id=\"e9c7f90\" data-element_type=\"widget\" data-e-type=\"widget\" data-widget_type=\"icon-box.default\">\n\t\t\t\t<div class=\"elementor-widget-container\">\n\t\t\t\t\t\t\t<div class=\"elementor-icon-box-wrapper\">\n\n\t\t\t\t\t\t<div class=\"elementor-icon-box-icon\">\n\t\t\t\t<span  class=\"elementor-icon\">\n\t\t\t\t<i aria-hidden=\"true\" class=\"fas fa-cart-arrow-down\"><\/i>\t\t\t\t<\/span>\n\t\t\t<\/div>\n\t\t\t\n\t\t\t\t\t\t<div class=\"elementor-icon-box-content\">\n\n\t\t\t\t\t\t\t\t\t<h3 class=\"elementor-icon-box-title\">\n\t\t\t\t\t\t<span  >\n\t\t\t\t\t\t\tCarrito de Compras\t\t\t\t\t\t<\/span>\n\t\t\t\t\t<\/h3>\n\t\t\t\t\n\t\t\t\t\t\t\t\t\t<p class=\"elementor-icon-box-description\">\n\t\t\t\t\t\tVer\u00e1s una lista con tus productos.\n\nPresiona Ver Carrito o Finalizar Compra\t\t\t\t\t<\/p>\n\t\t\t\t\n\t\t\t<\/div>\n\t\t\t\n\t\t<\/div>\n\t\t\t\t\t\t<\/div>\n\t\t\t\t<\/div>\n\t\t\t\t\t<\/div>\n\t\t<\/div>\n\t\t\t\t<div class=\"elementor-column elementor-col-33 elementor-inner-column elementor-element elementor-element-31a57a9\" data-id=\"31a57a9\" data-element_type=\"column\" data-e-type=\"column\">\n\t\t\t<div class=\"elementor-widget-wrap elementor-element-populated\">\n\t\t\t\t\t\t<div class=\"elementor-element elementor-element-507a8d2 elementor-view-default elementor-position-block-start elementor-mobile-position-block-start elementor-widget elementor-widget-icon-box\" data-id=\"507a8d2\" data-element_type=\"widget\" data-e-type=\"widget\" data-widget_type=\"icon-box.default\">\n\t\t\t\t<div class=\"elementor-widget-container\">\n\t\t\t\t\t\t\t<div class=\"elementor-icon-box-wrapper\">\n\n\t\t\t\t\t\t<div class=\"elementor-icon-box-icon\">\n\t\t\t\t<span  class=\"elementor-icon\">\n\t\t\t\t<i aria-hidden=\"true\" class=\"fas fa-credit-card\"><\/i>\t\t\t\t<\/span>\n\t\t\t<\/div>\n\t\t\t\n\t\t\t\t\t\t<div class=\"elementor-icon-box-content\">\n\n\t\t\t\t\t\t\t\t\t<h3 class=\"elementor-icon-box-title\">\n\t\t\t\t\t\t<span  >\n\t\t\t\t\t\t\tPago\t\t\t\t\t\t<\/span>\n\t\t\t\t\t<\/h3>\n\t\t\t\t\n\t\t\t\t\t\t\t\t\t<p class=\"elementor-icon-box-description\">\n\t\t\t\t\t\tEscoge el medio de pago: Tarjeta de Cr\u00e9dito, d\u00e9bito, yape, transferencia\t\t\t\t\t<\/p>\n\t\t\t\t\n\t\t\t<\/div>\n\t\t\t\n\t\t<\/div>\n\t\t\t\t\t\t<\/div>\n\t\t\t\t<\/div>\n\t\t\t\t\t<\/div>\n\t\t<\/div>\n\t\t\t\t<div class=\"elementor-column elementor-col-33 elementor-inner-column elementor-element elementor-element-863e66f\" data-id=\"863e66f\" data-element_type=\"column\" data-e-type=\"column\">\n\t\t\t<div class=\"elementor-widget-wrap elementor-element-populated\">\n\t\t\t\t\t\t<div class=\"elementor-element elementor-element-1bf782a elementor-view-default elementor-position-block-start elementor-mobile-position-block-start elementor-widget elementor-widget-icon-box\" data-id=\"1bf782a\" data-element_type=\"widget\" data-e-type=\"widget\" data-widget_type=\"icon-box.default\">\n\t\t\t\t<div class=\"elementor-widget-container\">\n\t\t\t\t\t\t\t<div class=\"elementor-icon-box-wrapper\">\n\n\t\t\t\t\t\t<div class=\"elementor-icon-box-icon\">\n\t\t\t\t<span  class=\"elementor-icon\">\n\t\t\t\t<i aria-hidden=\"true\" class=\"far fa-calendar-check\"><\/i>\t\t\t\t<\/span>\n\t\t\t<\/div>\n\t\t\t\n\t\t\t\t\t\t<div class=\"elementor-icon-box-content\">\n\n\t\t\t\t\t\t\t\t\t<h3 class=\"elementor-icon-box-title\">\n\t\t\t\t\t\t<span  >\n\t\t\t\t\t\t\tComprobante\t\t\t\t\t\t<\/span>\n\t\t\t\t\t<\/h3>\n\t\t\t\t\n\t\t\t\t\t\t\t\t\t<p class=\"elementor-icon-box-description\">\n\t\t\t\t\t\tRecibir\u00e1s un correo con la confirmacion de pago.\t\t\t\t\t<\/p>\n\t\t\t\t\n\t\t\t<\/div>\n\t\t\t\n\t\t<\/div>\n\t\t\t\t\t\t<\/div>\n\t\t\t\t<\/div>\n\t\t\t\t\t<\/div>\n\t\t<\/div>\n\t\t\t\t\t<\/div>\n\t\t<\/section>\n\t\t\t\t\t<\/div>\n\t\t<\/div>\n\t\t\t\t\t<\/div>\n\t\t<\/section>\n\t\t\t\t<\/div>","protected":false},"excerpt":{"rendered":"<p>\u00bfC\u00f3mo comprar? Ingresa a couriershoping.com y busca los productos que necesitas. Puedes hacerlo a trav\u00e9s del men\u00fa principal o usando el buscador. Una vez que los encuentres, sigue los siguientes pasos: Agrega al carrito de compras los art\u00edculos que deseas. Para continuar con el proceso de compra, tienes 3 opciones: Registrarte Ingresar a tu cuenta [&hellip;]<\/p>","protected":false},"author":1,"featured_media":0,"parent":0,"menu_order":0,"comment_status":"closed","ping_status":"closed","template":"","meta":{"footnotes":""},"class_list":["post-2110","page","type-page","status-publish","hentry"],"_links":{"self":[{"href":"https:\/\/couriershoping.com\/en\/wp-json\/wp\/v2\/pages\/2110","targetHints":{"allow":["GET"]}}],"collection":[{"href":"https:\/\/couriershoping.com\/en\/wp-json\/wp\/v2\/pages"}],"about":[{"href":"https:\/\/couriershoping.com\/en\/wp-json\/wp\/v2\/types\/page"}],"author":[{"embeddable":true,"href":"https:\/\/couriershoping.com\/en\/wp-json\/wp\/v2\/users\/1"}],"replies":[{"embeddable":true,"href":"https:\/\/couriershoping.com\/en\/wp-json\/wp\/v2\/comments?post=2110"}],"version-history":[{"count":7,"href":"https:\/\/couriershoping.com\/en\/wp-json\/wp\/v2\/pages\/2110\/revisions"}],"predecessor-version":[{"id":5729,"href":"https:\/\/couriershoping.com\/en\/wp-json\/wp\/v2\/pages\/2110\/revisions\/5729"}],"wp:attachment":[{"href":"https:\/\/couriershoping.com\/en\/wp-json\/wp\/v2\/media?parent=2110"}],"curies":[{"name":"wp","href":"https:\/\/api.w.org\/{rel}","templated":true}]}}