{"id":10,"date":"2022-10-27T14:48:08","date_gmt":"2022-10-27T14:48:08","guid":{"rendered":"https:\/\/couriershoping.com\/?page_id=10"},"modified":"2025-06-30T17:31:19","modified_gmt":"2025-06-30T17:31:19","slug":"politica-de-devolucion","status":"publish","type":"page","link":"https:\/\/couriershoping.com\/en\/politica-de-devolucion\/","title":{"rendered":"Pol\u00edtica de Devoluci\u00f3n"},"content":{"rendered":"<div data-elementor-type=\"wp-page\" data-elementor-id=\"10\" class=\"elementor elementor-10\">\n\t\t\t\t\t\t<section class=\"elementor-section elementor-top-section elementor-element elementor-element-868a391 elementor-section-boxed elementor-section-height-default elementor-section-height-default\" data-id=\"868a391\" data-element_type=\"section\" data-e-type=\"section\">\n\t\t\t\t\t\t<div class=\"elementor-container elementor-column-gap-default\">\n\t\t\t\t\t<div class=\"elementor-column elementor-col-100 elementor-top-column elementor-element elementor-element-ce2b179\" data-id=\"ce2b179\" data-element_type=\"column\" data-e-type=\"column\">\n\t\t\t<div class=\"elementor-widget-wrap elementor-element-populated\">\n\t\t\t\t\t\t<div class=\"elementor-element elementor-element-3259875 elementor-widget elementor-widget-text-editor\" data-id=\"3259875\" data-element_type=\"widget\" data-e-type=\"widget\" data-widget_type=\"text-editor.default\">\n\t\t\t\t<div class=\"elementor-widget-container\">\n\t\t\t\t\t\t\t\t\t<h1 data-start=\"280\" data-end=\"328\">\ud83d\udd01 Pol\u00edtica de Devoluciones de Courier Shoping<\/h1>\n<p data-start=\"330\" data-end=\"620\">En <strong data-start=\"333\" data-end=\"352\">Courier Shoping<\/strong>, nuestra misi\u00f3n es brindarte un servicio seguro y confiable de transporte de tus compras desde Estados Unidos hasta Per\u00fa. Sin embargo, <strong data-start=\"488\" data-end=\"562\">no participamos en la venta directa de los productos que transportamos<\/strong>, por lo tanto, no gestionamos devoluciones de los mismos.<\/p>\n<hr data-start=\"622\" data-end=\"625\" \/>\n<h2 data-start=\"627\" data-end=\"644\">\ud83d\udce6 Nuestro Rol<\/h2>\n<p data-start=\"646\" data-end=\"738\">Courier Shoping act\u00faa \u00fanicamente como intermediario log\u00edstico. Nuestro servicio se limita a:<\/p>\n<ul data-start=\"740\" data-end=\"927\">\n<li data-start=\"740\" data-end=\"797\">\n<p data-start=\"742\" data-end=\"797\">Recibir tus productos en nuestra direcci\u00f3n en EE. UU.<\/p>\n<\/li>\n<li data-start=\"798\" data-end=\"858\">\n<p data-start=\"800\" data-end=\"858\">Consolidar, embalar y transportar tus env\u00edos hacia Per\u00fa.<\/p>\n<\/li>\n<li data-start=\"859\" data-end=\"927\">\n<p data-start=\"861\" data-end=\"927\">Entregar tus paquetes en la direcci\u00f3n que nos hayas proporcionado.<\/p>\n<\/li>\n<\/ul>\n<hr data-start=\"929\" data-end=\"932\" \/>\n<h2 data-start=\"934\" data-end=\"965\">\ud83d\udeab Devoluciones de Productos<\/h2>\n<p data-start=\"967\" data-end=\"1076\">Dado que no somos responsables de la venta, fabricaci\u00f3n ni garant\u00eda de los productos que env\u00edas con nosotros:<\/p>\n<ul data-start=\"1078\" data-end=\"1324\">\n<li data-start=\"1078\" data-end=\"1133\">\n<p data-start=\"1080\" data-end=\"1133\"><strong data-start=\"1080\" data-end=\"1133\">No realizamos devoluciones al vendedor en EE. UU.<\/strong><\/p>\n<\/li>\n<li data-start=\"1134\" data-end=\"1231\">\n<p data-start=\"1136\" data-end=\"1231\"><strong data-start=\"1136\" data-end=\"1231\">No realizamos reembolsos por productos da\u00f1ados, defectuosos o diferentes a los solicitados.<\/strong><\/p>\n<\/li>\n<li data-start=\"1232\" data-end=\"1324\">\n<p data-start=\"1234\" data-end=\"1324\"><strong data-start=\"1234\" data-end=\"1324\">No gestionamos cambios ni garant\u00edas del proveedor o tienda donde realizaste la compra.<\/strong><\/p>\n<\/li>\n<\/ul>\n<hr data-start=\"1326\" data-end=\"1329\" \/>\n<h2 data-start=\"1331\" data-end=\"1368\">\ud83d\udcdd Recomendaciones Antes de Enviar<\/h2>\n<p data-start=\"1370\" data-end=\"1439\">Te sugerimos tener en cuenta lo siguiente para evitar inconvenientes:<\/p>\n<ul data-start=\"1441\" data-end=\"1703\">\n<li data-start=\"1441\" data-end=\"1517\">\n<p data-start=\"1443\" data-end=\"1517\">Verifica bien la descripci\u00f3n y reputaci\u00f3n del vendedor antes de comprar.<\/p>\n<\/li>\n<li data-start=\"1518\" data-end=\"1609\">\n<p data-start=\"1520\" data-end=\"1609\">Aseg\u00farate de que el producto est\u00e9 en buen estado antes de enviarlo a nuestra direcci\u00f3n.<\/p>\n<\/li>\n<li data-start=\"1610\" data-end=\"1703\">\n<p data-start=\"1612\" data-end=\"1703\">Solicita comprobantes o seguimiento desde la tienda para tener respaldo en caso de reclamo.<\/p>\n<\/li>\n<\/ul>\n<hr data-start=\"1705\" data-end=\"1708\" \/>\n<h2 data-start=\"1710\" data-end=\"1755\">\ud83d\udce9 \u00bfQu\u00e9 hacer si tu producto llega da\u00f1ado?<\/h2>\n<p data-start=\"1757\" data-end=\"2063\">Si un paquete llega da\u00f1ado o alterado en el trayecto de <strong data-start=\"1813\" data-end=\"1831\">EE. UU. a Per\u00fa<\/strong>, cont\u00e1ctanos de inmediato al correo <strong data-start=\"1868\" data-end=\"1899\"><a class=\"cursor-pointer\" rel=\"noopener\" data-start=\"1870\" data-end=\"1897\">contacto@couriershoping.com<\/a><\/strong> con fotos del estado del paquete al recibirlo. Evaluaremos el caso y te informaremos si aplica alguna compensaci\u00f3n conforme a los t\u00e9rminos del servicio contratado.<\/p>\n<hr data-start=\"2065\" data-end=\"2068\" \/>\n<h2 data-start=\"2070\" data-end=\"2084\">\ud83d\udcde Contacto<\/h2>\n<p data-start=\"2086\" data-end=\"2186\">Si tienes dudas sobre esta pol\u00edtica o sobre un env\u00edo en espec\u00edfico, puedes comunicarte con nosotros:<\/p>\n<ul data-start=\"2188\" data-end=\"2320\">\n<li data-start=\"2188\" data-end=\"2243\">\n<p data-start=\"2190\" data-end=\"2243\"><strong data-start=\"2190\" data-end=\"2212\">Correo electr\u00f3nico<\/strong>: contacto@couriershoping.com<\/p>\n<\/li>\n<li data-start=\"2244\" data-end=\"2279\">\n<p data-start=\"2246\" data-end=\"2279\"><strong data-start=\"2246\" data-end=\"2258\">Tel\u00e9fono<\/strong>: +51 963 358 122<\/p>\n<\/li>\n<li data-start=\"2280\" data-end=\"2320\">\n<p data-start=\"2282\" data-end=\"2320\"><strong data-start=\"2282\" data-end=\"2295\">Direcci\u00f3n<\/strong>: Miami, Florida, EE. UU.<\/p>\n<\/li>\n<\/ul>\t\t\t\t\t\t\t\t<\/div>\n\t\t\t\t<\/div>\n\t\t\t\t\t<\/div>\n\t\t<\/div>\n\t\t\t\t\t<\/div>\n\t\t<\/section>\n\t\t\t\t<\/div>","protected":false},"excerpt":{"rendered":"<p>\ud83d\udd01 Pol\u00edtica de Devoluciones de Courier Shoping En Courier Shoping, nuestra misi\u00f3n es brindarte un servicio seguro y confiable de transporte de tus compras desde Estados Unidos hasta Per\u00fa. Sin embargo, no participamos en la venta directa de los productos que transportamos, por lo tanto, no gestionamos devoluciones de los mismos. \ud83d\udce6 Nuestro Rol Courier [&hellip;]<\/p>","protected":false},"author":1,"featured_media":0,"parent":0,"menu_order":0,"comment_status":"closed","ping_status":"closed","template":"","meta":{"footnotes":""},"class_list":["post-10","page","type-page","status-publish","hentry"],"_links":{"self":[{"href":"https:\/\/couriershoping.com\/en\/wp-json\/wp\/v2\/pages\/10","targetHints":{"allow":["GET"]}}],"collection":[{"href":"https:\/\/couriershoping.com\/en\/wp-json\/wp\/v2\/pages"}],"about":[{"href":"https:\/\/couriershoping.com\/en\/wp-json\/wp\/v2\/types\/page"}],"author":[{"embeddable":true,"href":"https:\/\/couriershoping.com\/en\/wp-json\/wp\/v2\/users\/1"}],"replies":[{"embeddable":true,"href":"https:\/\/couriershoping.com\/en\/wp-json\/wp\/v2\/comments?post=10"}],"version-history":[{"count":13,"href":"https:\/\/couriershoping.com\/en\/wp-json\/wp\/v2\/pages\/10\/revisions"}],"predecessor-version":[{"id":5772,"href":"https:\/\/couriershoping.com\/en\/wp-json\/wp\/v2\/pages\/10\/revisions\/5772"}],"wp:attachment":[{"href":"https:\/\/couriershoping.com\/en\/wp-json\/wp\/v2\/media?parent=10"}],"curies":[{"name":"wp","href":"https:\/\/api.w.org\/{rel}","templated":true}]}}